{"id":2946,"date":"2019-01-29T07:42:36","date_gmt":"2019-01-29T06:42:36","guid":{"rendered":"http:\/\/www.zigor-art.com\/?page_id=2946"},"modified":"2021-11-29T14:28:34","modified_gmt":"2021-11-29T13:28:34","slug":"zalmaltzain-fresque-ephemere-2017-olivier-peant","status":"publish","type":"page","link":"https:\/\/www.zigor-art.com\/eu\/films\/zalmaltzain-fresque-ephemere-2017-olivier-peant\/","title":{"rendered":"Zalmaltzain, fresque \u00e9ph\u00e9m\u00e8re -2017- \u00a9Olivier P\u00e9ant"},"content":{"rendered":"<p><iframe loading=\"lazy\" width=\"100%\" height=\"700\" src=\"https:\/\/www.youtube.com\/embed\/IGY84ues6Hg\" frameborder=\"0\" allow=\"accelerometer; autoplay; encrypted-media; gyroscope; picture-in-picture\" allowfullscreen><\/iframe><\/p>","protected":false},"excerpt":{"rendered":"","protected":false},"author":1,"featured_media":0,"parent":552,"menu_order":42,"comment_status":"closed","ping_status":"closed","template":"","meta":{"_acf_changed":false,"_seopress_robots_primary_cat":"","_seopress_titles_title":"","_seopress_titles_desc":"","_seopress_robots_index":"","footnotes":""},"class_list":["post-2946","page","type-page","status-publish","hentry"],"acf":[],"_links":{"self":[{"href":"https:\/\/www.zigor-art.com\/eu\/wp-json\/wp\/v2\/pages\/2946","targetHints":{"allow":["GET"]}}],"collection":[{"href":"https:\/\/www.zigor-art.com\/eu\/wp-json\/wp\/v2\/pages"}],"about":[{"href":"https:\/\/www.zigor-art.com\/eu\/wp-json\/wp\/v2\/types\/page"}],"author":[{"embeddable":true,"href":"https:\/\/www.zigor-art.com\/eu\/wp-json\/wp\/v2\/users\/1"}],"replies":[{"embeddable":true,"href":"https:\/\/www.zigor-art.com\/eu\/wp-json\/wp\/v2\/comments?post=2946"}],"version-history":[{"count":3,"href":"https:\/\/www.zigor-art.com\/eu\/wp-json\/wp\/v2\/pages\/2946\/revisions"}],"predecessor-version":[{"id":3429,"href":"https:\/\/www.zigor-art.com\/eu\/wp-json\/wp\/v2\/pages\/2946\/revisions\/3429"}],"up":[{"embeddable":true,"href":"https:\/\/www.zigor-art.com\/eu\/wp-json\/wp\/v2\/pages\/552"}],"wp:attachment":[{"href":"https:\/\/www.zigor-art.com\/eu\/wp-json\/wp\/v2\/media?parent=2946"}],"curies":[{"name":"wp","href":"https:\/\/api.w.org\/{rel}","templated":true}]}}